{"id":717,"date":"2023-01-06T14:52:33","date_gmt":"2023-01-06T12:52:33","guid":{"rendered":"https:\/\/travel.backeman.se\/?page_id=717"},"modified":"2025-07-23T16:06:31","modified_gmt":"2025-07-23T16:06:31","slug":"short-trips","status":"publish","type":"page","link":"https:\/\/backeman.se\/index.php\/trips\/short-trips\/","title":{"rendered":"Short trips"},"content":{"rendered":"\n<p>Sometimes I just go for a weekend that doesn&#8217;t really warrant a whole tag and section but I want to keep a memory of it anyway. Then I&#8217;ll post it under &#8220;Short trips&#8221;. <\/p>\n\n\n\n<div class=\"wp-block-query is-layout-flow wp-block-query-is-layout-flow\"><ul class=\"wp-block-post-template is-layout-flow wp-block-post-template-is-layout-flow\"><li class=\"wp-block-post post-2878 post type-post status-publish format-standard has-post-thumbnail hentry category-short-trips\">\n<h2 class=\"wp-block-post-title\"><a href=\"https:\/\/backeman.se\/index.php\/2025\/07\/30\/roadtrip-in-sweden\/\" target=\"_self\" >Roadtrip in Sweden<\/a><\/h2>\n\n<figure class=\"alignwide wp-block-post-featured-image\"><a href=\"https:\/\/backeman.se\/index.php\/2025\/07\/30\/roadtrip-in-sweden\/\" target=\"_self\"  ><img loading=\"lazy\" decoding=\"async\" width=\"1920\" height=\"1080\" src=\"https:\/\/backeman.se\/wp-content\/uploads\/2025\/07\/PXL_20250726_190500161.jpg\" class=\"attachment-post-thumbnail size-post-thumbnail wp-post-image\" alt=\"Roadtrip in Sweden\" style=\"object-fit:cover;\" srcset=\"https:\/\/backeman.se\/wp-content\/uploads\/2025\/07\/PXL_20250726_190500161.jpg 1920w, https:\/\/backeman.se\/wp-content\/uploads\/2025\/07\/PXL_20250726_190500161-300x169.jpg 300w, https:\/\/backeman.se\/wp-content\/uploads\/2025\/07\/PXL_20250726_190500161-1024x576.jpg 1024w, https:\/\/backeman.se\/wp-content\/uploads\/2025\/07\/PXL_20250726_190500161-768x432.jpg 768w, https:\/\/backeman.se\/wp-content\/uploads\/2025\/07\/PXL_20250726_190500161-1536x864.jpg 1536w\" sizes=\"auto, (max-width: 1920px) 100vw, 1920px\" \/><\/a><\/figure>\n\n<div class=\"wp-block-post-excerpt\"><p class=\"wp-block-post-excerpt__excerpt\">When our mother turned 70 in 2024, my brothers and I wanted to celebrate her with a trip, like we did with our father in 2023. However, since she doesn&#8217;t like flying or going by boat, we planned a road trip.&nbsp;After countless (well, at least multiple) online meetings, planning and booking requests sent (and denied),&hellip; <\/p><\/div>\n\n\n<hr class=\"wp-block-separator has-css-opacity\"\/>\n\n\n<div class=\"wp-block-post-date\"><time datetime=\"2025-07-30T10:25:50+00:00\">July 30, 2025<\/time><\/div>\n<\/li><li class=\"wp-block-post post-2100 post type-post status-publish format-standard has-post-thumbnail hentry category-short-trips\">\n<h2 class=\"wp-block-post-title\"><a href=\"https:\/\/backeman.se\/index.php\/2024\/03\/25\/quarterfinals-in-gothenburg\/\" target=\"_self\" >Quarterfinals in Gothenburg<\/a><\/h2>\n\n<figure class=\"alignwide wp-block-post-featured-image\"><a href=\"https:\/\/backeman.se\/index.php\/2024\/03\/25\/quarterfinals-in-gothenburg\/\" target=\"_self\"  ><img loading=\"lazy\" decoding=\"async\" width=\"1200\" height=\"675\" src=\"https:\/\/backeman.se\/wp-content\/uploads\/2024\/03\/PXL_20240322_220350541.jpg\" class=\"attachment-post-thumbnail size-post-thumbnail wp-post-image\" alt=\"Quarterfinals in Gothenburg\" style=\"object-fit:cover;\" srcset=\"https:\/\/backeman.se\/wp-content\/uploads\/2024\/03\/PXL_20240322_220350541.jpg 1200w, https:\/\/backeman.se\/wp-content\/uploads\/2024\/03\/PXL_20240322_220350541-300x169.jpg 300w, https:\/\/backeman.se\/wp-content\/uploads\/2024\/03\/PXL_20240322_220350541-1024x576.jpg 1024w, https:\/\/backeman.se\/wp-content\/uploads\/2024\/03\/PXL_20240322_220350541-768x432.jpg 768w, https:\/\/backeman.se\/wp-content\/uploads\/2024\/03\/PXL_20240322_220350541-107x60.jpg 107w, https:\/\/backeman.se\/wp-content\/uploads\/2024\/03\/PXL_20240322_220350541-840x473.jpg 840w\" sizes=\"auto, (max-width: 1200px) 100vw, 1200px\" \/><\/a><\/figure>\n\n<div class=\"wp-block-post-excerpt\"><p class=\"wp-block-post-excerpt__excerpt\">People who know me know that I follow the hockey team called Leksands IF. Since I started following them in 2004 most accomplishments have been advancements from the second league (Hockeyallsvenskan) to the top one, SHL. During the season 2020-2021, they finished in third place during the regular season and went straight to quarterfinals. However,&hellip; <\/p><\/div>\n\n\n<hr class=\"wp-block-separator has-css-opacity\"\/>\n\n\n<div class=\"wp-block-post-date\"><time datetime=\"2024-03-25T00:04:41+00:00\">March 25, 2024<\/time><\/div>\n<\/li><li class=\"wp-block-post post-2019 post type-post status-publish format-standard has-post-thumbnail hentry category-short-trips\">\n<h2 class=\"wp-block-post-title\"><a href=\"https:\/\/backeman.se\/index.php\/2024\/02\/03\/celebrating-in-bad-gastein\/\" target=\"_self\" >Celebrating in Bad Gastein<\/a><\/h2>\n\n<figure class=\"alignwide wp-block-post-featured-image\"><a href=\"https:\/\/backeman.se\/index.php\/2024\/02\/03\/celebrating-in-bad-gastein\/\" target=\"_self\"  ><img loading=\"lazy\" decoding=\"async\" width=\"1365\" height=\"768\" src=\"https:\/\/backeman.se\/wp-content\/uploads\/2024\/02\/PXL_20240203_144157394-Medel.jpg\" class=\"attachment-post-thumbnail size-post-thumbnail wp-post-image\" alt=\"Celebrating in Bad Gastein\" style=\"object-fit:cover;\" srcset=\"https:\/\/backeman.se\/wp-content\/uploads\/2024\/02\/PXL_20240203_144157394-Medel.jpg 1365w, https:\/\/backeman.se\/wp-content\/uploads\/2024\/02\/PXL_20240203_144157394-Medel-300x169.jpg 300w, https:\/\/backeman.se\/wp-content\/uploads\/2024\/02\/PXL_20240203_144157394-Medel-1024x576.jpg 1024w, https:\/\/backeman.se\/wp-content\/uploads\/2024\/02\/PXL_20240203_144157394-Medel-768x432.jpg 768w, https:\/\/backeman.se\/wp-content\/uploads\/2024\/02\/PXL_20240203_144157394-Medel-107x60.jpg 107w, https:\/\/backeman.se\/wp-content\/uploads\/2024\/02\/PXL_20240203_144157394-Medel-840x473.jpg 840w\" sizes=\"auto, (max-width: 1365px) 100vw, 1365px\" \/><\/a><\/figure>\n\n<div class=\"wp-block-post-excerpt\"><p class=\"wp-block-post-excerpt__excerpt\">My employer, Insclear, celebrated in 2023 that we have existed for 10 years. To mark this occasion, the whole company was treated to a trip to Austria and Bad Gastein for four days. It was set for the turn of the month January and February, to fit the monthly cycle as well as possible. The&hellip; <\/p><\/div>\n\n\n<hr class=\"wp-block-separator has-css-opacity\"\/>\n\n\n<div class=\"wp-block-post-date\"><time datetime=\"2024-02-03T19:03:28+00:00\">February 3, 2024<\/time><\/div>\n<\/li><li class=\"wp-block-post post-1979 post type-post status-publish format-standard has-post-thumbnail hentry category-short-trips\">\n<h2 class=\"wp-block-post-title\"><a href=\"https:\/\/backeman.se\/index.php\/2024\/01\/13\/first-time-in-ovik\/\" target=\"_self\" >First time in \u00d6vik<\/a><\/h2>\n\n<figure class=\"alignwide wp-block-post-featured-image\"><a href=\"https:\/\/backeman.se\/index.php\/2024\/01\/13\/first-time-in-ovik\/\" target=\"_self\"  ><img loading=\"lazy\" decoding=\"async\" width=\"1365\" height=\"768\" src=\"https:\/\/backeman.se\/wp-content\/uploads\/2024\/01\/PXL_20240112_165215701-Medel.jpg\" class=\"attachment-post-thumbnail size-post-thumbnail wp-post-image\" alt=\"First time in \u00d6vik\" style=\"object-fit:cover;\" srcset=\"https:\/\/backeman.se\/wp-content\/uploads\/2024\/01\/PXL_20240112_165215701-Medel.jpg 1365w, https:\/\/backeman.se\/wp-content\/uploads\/2024\/01\/PXL_20240112_165215701-Medel-300x169.jpg 300w, https:\/\/backeman.se\/wp-content\/uploads\/2024\/01\/PXL_20240112_165215701-Medel-1024x576.jpg 1024w, https:\/\/backeman.se\/wp-content\/uploads\/2024\/01\/PXL_20240112_165215701-Medel-768x432.jpg 768w, https:\/\/backeman.se\/wp-content\/uploads\/2024\/01\/PXL_20240112_165215701-Medel-107x60.jpg 107w, https:\/\/backeman.se\/wp-content\/uploads\/2024\/01\/PXL_20240112_165215701-Medel-840x473.jpg 840w\" sizes=\"auto, (max-width: 1365px) 100vw, 1365px\" \/><\/a><\/figure>\n\n<div class=\"wp-block-post-excerpt\"><p class=\"wp-block-post-excerpt__excerpt\">I have an ambition to visit all arenas in the SHL, preferably when my Leksands IF is playing there. And even though Leksand and MoDo Hockey have played in the same series a couple of times I have never been to H\u00e4gglunds Arena (former Fj\u00e4llr\u00e4ven Center). So when the schedule was released in the summer&hellip; <\/p><\/div>\n\n\n<hr class=\"wp-block-separator has-css-opacity\"\/>\n\n\n<div class=\"wp-block-post-date\"><time datetime=\"2024-01-13T11:21:11+00:00\">January 13, 2024<\/time><\/div>\n<\/li><li class=\"wp-block-post post-1948 post type-post status-publish format-standard has-post-thumbnail hentry category-short-trips\">\n<h2 class=\"wp-block-post-title\"><a href=\"https:\/\/backeman.se\/index.php\/2024\/01\/07\/weekend-in-leksand\/\" target=\"_self\" >Weekend in Leksand<\/a><\/h2>\n\n<figure class=\"alignwide wp-block-post-featured-image\"><a href=\"https:\/\/backeman.se\/index.php\/2024\/01\/07\/weekend-in-leksand\/\" target=\"_self\"  ><img loading=\"lazy\" decoding=\"async\" width=\"1365\" height=\"768\" src=\"https:\/\/backeman.se\/wp-content\/uploads\/2024\/01\/PXL_20240105_090831388-Medel.jpg\" class=\"attachment-post-thumbnail size-post-thumbnail wp-post-image\" alt=\"Weekend in Leksand\" style=\"object-fit:cover;\" srcset=\"https:\/\/backeman.se\/wp-content\/uploads\/2024\/01\/PXL_20240105_090831388-Medel.jpg 1365w, https:\/\/backeman.se\/wp-content\/uploads\/2024\/01\/PXL_20240105_090831388-Medel-300x169.jpg 300w, https:\/\/backeman.se\/wp-content\/uploads\/2024\/01\/PXL_20240105_090831388-Medel-1024x576.jpg 1024w, https:\/\/backeman.se\/wp-content\/uploads\/2024\/01\/PXL_20240105_090831388-Medel-768x432.jpg 768w, https:\/\/backeman.se\/wp-content\/uploads\/2024\/01\/PXL_20240105_090831388-Medel-107x60.jpg 107w, https:\/\/backeman.se\/wp-content\/uploads\/2024\/01\/PXL_20240105_090831388-Medel-840x473.jpg 840w\" sizes=\"auto, (max-width: 1365px) 100vw, 1365px\" \/><\/a><\/figure>\n\n<div class=\"wp-block-post-excerpt\"><p class=\"wp-block-post-excerpt__excerpt\">Thursday When tickets for the home games of Leksands IF in August 2023, I looked for a &#8220;hockey weekend&#8221;, with two home games for the men&#8217;s team and one or two home games for the women&#8217;s team. I found one after New Year&#8217;s and I booked the tickets. I also looked into where I would&hellip; <\/p><\/div>\n\n\n<hr class=\"wp-block-separator has-css-opacity\"\/>\n\n\n<div class=\"wp-block-post-date\"><time datetime=\"2024-01-07T00:20:16+00:00\">January 7, 2024<\/time><\/div>\n<\/li><li class=\"wp-block-post post-1900 post type-post status-publish format-standard has-post-thumbnail hentry category-short-trips\">\n<h2 class=\"wp-block-post-title\"><a href=\"https:\/\/backeman.se\/index.php\/2023\/10\/22\/fall-out-boy-in-munich\/\" target=\"_self\" >Fall Out Boy in Munich<\/a><\/h2>\n\n<figure class=\"alignwide wp-block-post-featured-image\"><a href=\"https:\/\/backeman.se\/index.php\/2023\/10\/22\/fall-out-boy-in-munich\/\" target=\"_self\"  ><img loading=\"lazy\" decoding=\"async\" width=\"1200\" height=\"675\" src=\"https:\/\/backeman.se\/wp-content\/uploads\/2023\/10\/PXL_20231021_190412690-Medel.jpg\" class=\"attachment-post-thumbnail size-post-thumbnail wp-post-image\" alt=\"Fall Out Boy in Munich\" style=\"object-fit:cover;\" srcset=\"https:\/\/backeman.se\/wp-content\/uploads\/2023\/10\/PXL_20231021_190412690-Medel.jpg 1200w, https:\/\/backeman.se\/wp-content\/uploads\/2023\/10\/PXL_20231021_190412690-Medel-300x169.jpg 300w, https:\/\/backeman.se\/wp-content\/uploads\/2023\/10\/PXL_20231021_190412690-Medel-1024x576.jpg 1024w, https:\/\/backeman.se\/wp-content\/uploads\/2023\/10\/PXL_20231021_190412690-Medel-768x432.jpg 768w, https:\/\/backeman.se\/wp-content\/uploads\/2023\/10\/PXL_20231021_190412690-Medel-107x60.jpg 107w, https:\/\/backeman.se\/wp-content\/uploads\/2023\/10\/PXL_20231021_190412690-Medel-840x473.jpg 840w\" sizes=\"auto, (max-width: 1200px) 100vw, 1200px\" \/><\/a><\/figure>\n\n<div class=\"wp-block-post-excerpt\"><p class=\"wp-block-post-excerpt__excerpt\">During the spring of 2023, my brother&#8217;s wife, Linda Marie asked me if I would be interested in going to a concert with her. It was one of her (or perhaps THE) favorite bands, Fall Out Boy who were playing in Munich in October. Concerts are fun and so is traveling so I said okay&hellip; <\/p><\/div>\n\n\n<hr class=\"wp-block-separator has-css-opacity\"\/>\n\n\n<div class=\"wp-block-post-date\"><time datetime=\"2023-10-22T23:00:00+00:00\">October 22, 2023<\/time><\/div>\n<\/li><li class=\"wp-block-post post-757 post type-post status-publish format-standard has-post-thumbnail hentry category-short-trips\">\n<h2 class=\"wp-block-post-title\"><a href=\"https:\/\/backeman.se\/index.php\/2023\/04\/23\/saying-hello-to-the-norwegians\/\" target=\"_self\" >Saying hello to the Norwegians<\/a><\/h2>\n\n<figure class=\"alignwide wp-block-post-featured-image\"><a href=\"https:\/\/backeman.se\/index.php\/2023\/04\/23\/saying-hello-to-the-norwegians\/\" target=\"_self\"  ><img loading=\"lazy\" decoding=\"async\" width=\"1200\" height=\"467\" src=\"https:\/\/backeman.se\/wp-content\/uploads\/2023\/04\/PXL_20230422_100407227.PANO-1200x467-1.jpg\" class=\"attachment-post-thumbnail size-post-thumbnail wp-post-image\" alt=\"Saying hello to the Norwegians\" style=\"object-fit:cover;\" srcset=\"https:\/\/backeman.se\/wp-content\/uploads\/2023\/04\/PXL_20230422_100407227.PANO-1200x467-1.jpg 1200w, https:\/\/backeman.se\/wp-content\/uploads\/2023\/04\/PXL_20230422_100407227.PANO-1200x467-1-300x117.jpg 300w, https:\/\/backeman.se\/wp-content\/uploads\/2023\/04\/PXL_20230422_100407227.PANO-1200x467-1-1024x399.jpg 1024w, https:\/\/backeman.se\/wp-content\/uploads\/2023\/04\/PXL_20230422_100407227.PANO-1200x467-1-768x299.jpg 768w, https:\/\/backeman.se\/wp-content\/uploads\/2023\/04\/PXL_20230422_100407227.PANO-1200x467-1-154x60.jpg 154w\" sizes=\"auto, (max-width: 1200px) 100vw, 1200px\" \/><\/a><\/figure>\n\n<div class=\"wp-block-post-excerpt\"><p class=\"wp-block-post-excerpt__excerpt\">Friday, going to Oslo Last December I got a &#8220;feeling&#8221; and booked a trip to Oslo. I&#8217;ve been here once before. EVRY, my employer at the time, had a massive party for all employees when they launched the new brand. They went from EDB ErgoGroup Systeam to EVRY, which is quite an improvement. However, it&hellip; <\/p><\/div>\n\n\n<hr class=\"wp-block-separator has-css-opacity\"\/>\n\n\n<div class=\"wp-block-post-date\"><time datetime=\"2023-04-23T16:47:43+00:00\">April 23, 2023<\/time><\/div>\n<\/li><li class=\"wp-block-post post-727 post type-post status-publish format-standard has-post-thumbnail hentry category-short-trips\">\n<h2 class=\"wp-block-post-title\"><a href=\"https:\/\/backeman.se\/index.php\/2023\/02\/26\/a-weekend-with-friends-in-skelleftea\/\" target=\"_self\" >A weekend with friends in Skellefte\u00e5<\/a><\/h2>\n\n<figure class=\"alignwide wp-block-post-featured-image\"><a href=\"https:\/\/backeman.se\/index.php\/2023\/02\/26\/a-weekend-with-friends-in-skelleftea\/\" target=\"_self\"  ><img loading=\"lazy\" decoding=\"async\" width=\"1920\" height=\"1080\" src=\"https:\/\/backeman.se\/wp-content\/uploads\/2023\/02\/PXL_20230225_160130040-Stor.jpg\" class=\"attachment-post-thumbnail size-post-thumbnail wp-post-image\" alt=\"A weekend with friends in Skellefte\u00e5\" style=\"object-fit:cover;\" srcset=\"https:\/\/backeman.se\/wp-content\/uploads\/2023\/02\/PXL_20230225_160130040-Stor.jpg 1920w, https:\/\/backeman.se\/wp-content\/uploads\/2023\/02\/PXL_20230225_160130040-Stor-300x169.jpg 300w, https:\/\/backeman.se\/wp-content\/uploads\/2023\/02\/PXL_20230225_160130040-Stor-1024x576.jpg 1024w, https:\/\/backeman.se\/wp-content\/uploads\/2023\/02\/PXL_20230225_160130040-Stor-768x432.jpg 768w, https:\/\/backeman.se\/wp-content\/uploads\/2023\/02\/PXL_20230225_160130040-Stor-1536x864.jpg 1536w\" sizes=\"auto, (max-width: 1920px) 100vw, 1920px\" \/><\/a><\/figure>\n\n<div class=\"wp-block-post-excerpt\"><p class=\"wp-block-post-excerpt__excerpt\">About 1 \u00bd years ago I booked a trip to Skellefte\u00e5 to see SAIK &#8211; Leksands IF in January 2022. Then more restrictions were applied and eventually the game even got postponed because of Covid in LIF. I went anyway, had a nice, calm weekend in the winter landscape, and took a selfie outside the&hellip; <\/p><\/div>\n\n\n<hr class=\"wp-block-separator has-css-opacity\"\/>\n\n\n<div class=\"wp-block-post-date\"><time datetime=\"2023-02-26T21:01:38+00:00\">February 26, 2023<\/time><\/div>\n<\/li><li class=\"wp-block-post post-696 post type-post status-publish format-standard has-post-thumbnail hentry category-short-trips\">\n<h2 class=\"wp-block-post-title\"><a href=\"https:\/\/backeman.se\/index.php\/2023\/01\/06\/hockey-and-escape-room-in-gothenburg\/\" target=\"_self\" >Hockey and escape room in Gothenburg<\/a><\/h2>\n\n<figure class=\"alignwide wp-block-post-featured-image\"><a href=\"https:\/\/backeman.se\/index.php\/2023\/01\/06\/hockey-and-escape-room-in-gothenburg\/\" target=\"_self\"  ><img loading=\"lazy\" decoding=\"async\" width=\"1200\" height=\"675\" src=\"https:\/\/backeman.se\/wp-content\/uploads\/2023\/01\/PXL_20230104_091402130.MP-Custom.jpg\" class=\"attachment-post-thumbnail size-post-thumbnail wp-post-image\" alt=\"Hockey and escape room in Gothenburg\" style=\"object-fit:cover;\" srcset=\"https:\/\/backeman.se\/wp-content\/uploads\/2023\/01\/PXL_20230104_091402130.MP-Custom.jpg 1200w, https:\/\/backeman.se\/wp-content\/uploads\/2023\/01\/PXL_20230104_091402130.MP-Custom-300x169.jpg 300w, https:\/\/backeman.se\/wp-content\/uploads\/2023\/01\/PXL_20230104_091402130.MP-Custom-1024x576.jpg 1024w, https:\/\/backeman.se\/wp-content\/uploads\/2023\/01\/PXL_20230104_091402130.MP-Custom-768x432.jpg 768w, https:\/\/backeman.se\/wp-content\/uploads\/2023\/01\/PXL_20230104_091402130.MP-Custom-107x60.jpg 107w, https:\/\/backeman.se\/wp-content\/uploads\/2023\/01\/PXL_20230104_091402130.MP-Custom-840x473.jpg 840w\" sizes=\"auto, (max-width: 1200px) 100vw, 1200px\" \/><\/a><\/figure>\n\n<div class=\"wp-block-post-excerpt\"><p class=\"wp-block-post-excerpt__excerpt\">I enjoy attending sporting events live to see the games and experience the atmosphere. Sometimes I&#8217;ll go to another town in Sweden to see &#8220;my&#8221; team and make a weekend out of it. This time the goal was Gothenburg and the game between Fr\u00f6lunda HC and Leksands IF in Scandinavium. I&#8217;ve been here once before&hellip; <\/p><\/div>\n\n\n<hr class=\"wp-block-separator has-css-opacity\"\/>\n\n\n<div class=\"wp-block-post-date\"><time datetime=\"2023-01-06T14:45:07+00:00\">January 6, 2023<\/time><\/div>\n<\/li><\/ul><\/div>\n","protected":false},"excerpt":{"rendered":"<p>Sometimes I just go for a weekend that doesn&#8217;t really warrant a whole tag and section but I want to keep a memory of it anyway. Then I&#8217;ll post it under &#8220;Short trips&#8221;.<\/p>\n","protected":false},"author":1,"featured_media":2877,"parent":90,"menu_order":0,"comment_status":"closed","ping_status":"closed","template":"","meta":{"neve_meta_sidebar":"","neve_meta_container":"","neve_meta_enable_content_width":"","neve_meta_content_width":0,"neve_meta_title_alignment":"","neve_meta_author_avatar":"","neve_post_elements_order":"","neve_meta_disable_header":"","neve_meta_disable_footer":"","neve_meta_disable_title":"","footnotes":""},"class_list":["post-717","page","type-page","status-publish","has-post-thumbnail","hentry"],"_links":{"self":[{"href":"https:\/\/backeman.se\/index.php\/wp-json\/wp\/v2\/pages\/717","targetHints":{"allow":["GET"]}}],"collection":[{"href":"https:\/\/backeman.se\/index.php\/wp-json\/wp\/v2\/pages"}],"about":[{"href":"https:\/\/backeman.se\/index.php\/wp-json\/wp\/v2\/types\/page"}],"author":[{"embeddable":true,"href":"https:\/\/backeman.se\/index.php\/wp-json\/wp\/v2\/users\/1"}],"replies":[{"embeddable":true,"href":"https:\/\/backeman.se\/index.php\/wp-json\/wp\/v2\/comments?post=717"}],"version-history":[{"count":1,"href":"https:\/\/backeman.se\/index.php\/wp-json\/wp\/v2\/pages\/717\/revisions"}],"predecessor-version":[{"id":2411,"href":"https:\/\/backeman.se\/index.php\/wp-json\/wp\/v2\/pages\/717\/revisions\/2411"}],"up":[{"embeddable":true,"href":"https:\/\/backeman.se\/index.php\/wp-json\/wp\/v2\/pages\/90"}],"wp:featuredmedia":[{"embeddable":true,"href":"https:\/\/backeman.se\/index.php\/wp-json\/wp\/v2\/media\/2877"}],"wp:attachment":[{"href":"https:\/\/backeman.se\/index.php\/wp-json\/wp\/v2\/media?parent=717"}],"curies":[{"name":"wp","href":"https:\/\/api.w.org\/{rel}","templated":true}]}}